{"id":4385,"date":"2025-02-10T12:24:40","date_gmt":"2025-02-10T12:24:40","guid":{"rendered":"https:\/\/p4ntheon-recruitment.al\/?page_id=4385"},"modified":"2025-03-26T15:24:47","modified_gmt":"2025-03-26T15:24:47","slug":"sherbime-ne-familje","status":"publish","type":"page","link":"https:\/\/p4ntheon-recruitment.al\/en\/sherbime-ne-familje\/","title":{"rendered":"Family Services"},"content":{"rendered":"<div data-elementor-type=\"wp-page\" data-elementor-id=\"4385\" class=\"elementor elementor-4385\" data-elementor-post-type=\"page\">\n\t\t\t\t<div class=\"elementor-element elementor-element-37ce297f e-flex e-con-boxed e-con e-parent\" data-id=\"37ce297f\" data-element_type=\"container\">\n\t\t\t\t\t<div class=\"e-con-inner\">\n\t\t\t\t\t<\/div>\n\t\t\t\t<\/div>\n\t\t<div class=\"elementor-element elementor-element-cef266c e-flex e-con-boxed e-con e-parent\" data-id=\"cef266c\" data-element_type=\"container\">\n\t\t\t\t\t<div class=\"e-con-inner\">\n\t\t<div class=\"elementor-element elementor-element-1e315a2 e-con-full e-flex e-con e-child\" data-id=\"1e315a2\" data-element_type=\"container\">\n\t\t\t\t<div class=\"elementor-element elementor-element-d96c8ff elementor-widget elementor-widget-heading\" data-id=\"d96c8ff\" data-element_type=\"widget\" data-widget_type=\"heading.default\">\n\t\t\t\t<div class=\"elementor-widget-container\">\n\t\t\t\t\t<p class=\"elementor-heading-title elementor-size-default\">Trust P4NTHEON RECRUITMENT for empowering a recruitment that delivers results.\nWe provide you with staff not only for long-term employment, but also for seasonal employment, whether Albanian or foreign, stable, fulfilling your every expectation, as your trust and appreciation VALUE for us!!<\/p>\t\t\t\t<\/div>\n\t\t\t\t<\/div>\n\t\t\t\t<\/div>\n\t\t\t\t\t<\/div>\n\t\t\t\t<\/div>\n\t\t<div class=\"elementor-element elementor-element-064b37d e-flex e-con-boxed e-con e-parent\" data-id=\"064b37d\" data-element_type=\"container\">\n\t\t\t\t\t<div class=\"e-con-inner\">\n\t\t<div class=\"elementor-element elementor-element-0b6e5de e-con-full e-flex e-con e-child\" data-id=\"0b6e5de\" data-element_type=\"container\">\n\t\t<div class=\"elementor-element elementor-element-4a3558c e-con-full e-flex e-con e-child\" data-id=\"4a3558c\" data-element_type=\"container\">\n\t\t\t\t<div class=\"elementor-element elementor-element-4785a6b elementor-widget elementor-widget-image\" data-id=\"4785a6b\" data-element_type=\"widget\" data-widget_type=\"image.default\">\n\t\t\t\t<div class=\"elementor-widget-container\">\n\t\t\t\t\t\t\t\t\t\t\t\t<figure class=\"wp-caption\">\n\t\t\t\t\t\t\t\t\t\t\t<a href=\"https:\/\/p4ntheon-recruitment.al\/en\/dado\/\">\n\t\t\t\t\t\t\t<img decoding=\"async\" src=\"https:\/\/p4ntheon-recruitment.al\/wp-content\/uploads\/elementor\/thumbs\/Dado-per-kujdesje-femije-r1atg013c9ec2ch5yjkmfgi557mgena8wq3rwgj100.jpg\" title=\"Dado per kujdesje femije\" alt=\"Dado per kujdesje femije\" loading=\"lazy\" \/>\t\t\t\t\t\t\t\t<\/a>\n\t\t\t\t\t\t\t\t\t\t\t<figcaption class=\"widget-image-caption wp-caption-text\">BABYSITTER<\/figcaption>\n\t\t\t\t\t\t\t\t\t\t<\/figure>\n\t\t\t\t\t\t\t\t\t<\/div>\n\t\t\t\t<\/div>\n\t\t\t\t<div class=\"elementor-element elementor-element-fa8e7ec elementor-widget elementor-widget-tg-btn\" data-id=\"fa8e7ec\" data-element_type=\"widget\" data-widget_type=\"tg-btn.default\">\n\t\t\t\t<div class=\"elementor-widget-container\">\n\t\t\t\t\t\r\n\r\n        \r\n                            <a href=\"https:\/\/p4ntheon-recruitment.al\/en\/dado\/\" target=\"_self\" rel=\"nofollow\" class=\"btn border-btn\">\r\n                    View details                <\/a>\r\n            \r\n\r\n        \r\n\t\t\t\t<\/div>\n\t\t\t\t<\/div>\n\t\t\t\t<\/div>\n\t\t\t\t<\/div>\n\t\t<div class=\"elementor-element elementor-element-b3dc837 e-con-full e-flex e-con e-child\" data-id=\"b3dc837\" data-element_type=\"container\">\n\t\t<div class=\"elementor-element elementor-element-378823f e-con-full e-flex e-con e-child\" data-id=\"378823f\" data-element_type=\"container\">\n\t\t\t\t<div class=\"elementor-element elementor-element-a16d206 elementor-widget elementor-widget-image\" data-id=\"a16d206\" data-element_type=\"widget\" data-widget_type=\"image.default\">\n\t\t\t\t<div class=\"elementor-widget-container\">\n\t\t\t\t\t\t\t\t\t\t\t\t<figure class=\"wp-caption\">\n\t\t\t\t\t\t\t\t\t\t\t<a href=\"https:\/\/p4ntheon-recruitment.al\/en\/kujdestare-ne-familje\/\">\n\t\t\t\t\t\t\t<img decoding=\"async\" src=\"https:\/\/p4ntheon-recruitment.al\/wp-content\/uploads\/elementor\/thumbs\/Kujdestare-Familje-r1aux13awrzp2dg5ayrwlkrbms8xnwt3772xlfwfyo.jpg\" title=\"Carer Pushing Senior Woman In Wheelchair Outside Home\" alt=\"Carer Pushing Senior Woman In Wheelchair Outside Home\" loading=\"lazy\" \/>\t\t\t\t\t\t\t\t<\/a>\n\t\t\t\t\t\t\t\t\t\t\t<figcaption class=\"widget-image-caption wp-caption-text\">FAMILY CAREGIVER <\/figcaption>\n\t\t\t\t\t\t\t\t\t\t<\/figure>\n\t\t\t\t\t\t\t\t\t<\/div>\n\t\t\t\t<\/div>\n\t\t\t\t<div class=\"elementor-element elementor-element-61a35fc elementor-widget elementor-widget-tg-btn\" data-id=\"61a35fc\" data-element_type=\"widget\" data-widget_type=\"tg-btn.default\">\n\t\t\t\t<div class=\"elementor-widget-container\">\n\t\t\t\t\t\r\n\r\n        \r\n                            <a href=\"https:\/\/p4ntheon-recruitment.al\/en\/kujdestare-ne-familje\/\" target=\"_self\" rel=\"nofollow\" class=\"btn border-btn\">\r\n                    View details                <\/a>\r\n            \r\n\r\n        \r\n\t\t\t\t<\/div>\n\t\t\t\t<\/div>\n\t\t\t\t<\/div>\n\t\t\t\t<\/div>\n\t\t<div class=\"elementor-element elementor-element-82ef6a7 e-con-full e-flex e-con e-child\" data-id=\"82ef6a7\" data-element_type=\"container\">\n\t\t<div class=\"elementor-element elementor-element-a9117d8 e-con-full e-flex e-con e-child\" data-id=\"a9117d8\" data-element_type=\"container\">\n\t\t\t\t<div class=\"elementor-element elementor-element-9eead9f elementor-widget elementor-widget-image\" data-id=\"9eead9f\" data-element_type=\"widget\" data-widget_type=\"image.default\">\n\t\t\t\t<div class=\"elementor-widget-container\">\n\t\t\t\t\t\t\t\t\t\t\t\t<figure class=\"wp-caption\">\n\t\t\t\t\t\t\t\t\t\t\t<a href=\"https:\/\/p4ntheon-recruitment.al\/en\/sanitare\/\">\n\t\t\t\t\t\t\t<img decoding=\"async\" src=\"https:\/\/p4ntheon-recruitment.al\/wp-content\/uploads\/elementor\/thumbs\/Sanitare-r1av0kxcq8uoxcagki160oi0f6quqqwl0rsyv2mwgg.jpg\" title=\"Young Woman Cleaning The Shelf In House\" alt=\"Young Woman Cleaning The Wooden Shelf In Living Room\" loading=\"lazy\" \/>\t\t\t\t\t\t\t\t<\/a>\n\t\t\t\t\t\t\t\t\t\t\t<figcaption class=\"widget-image-caption wp-caption-text\">SANITARY<\/figcaption>\n\t\t\t\t\t\t\t\t\t\t<\/figure>\n\t\t\t\t\t\t\t\t\t<\/div>\n\t\t\t\t<\/div>\n\t\t\t\t<div class=\"elementor-element elementor-element-e178d71 elementor-widget elementor-widget-tg-btn\" data-id=\"e178d71\" data-element_type=\"widget\" data-widget_type=\"tg-btn.default\">\n\t\t\t\t<div class=\"elementor-widget-container\">\n\t\t\t\t\t\r\n\r\n        \r\n                            <a href=\"https:\/\/p4ntheon-recruitment.al\/en\/sanitare\/\" target=\"_self\" rel=\"nofollow\" class=\"btn border-btn\">\r\n                    View details                <\/a>\r\n            \r\n\r\n        \r\n\t\t\t\t<\/div>\n\t\t\t\t<\/div>\n\t\t\t\t<\/div>\n\t\t\t\t<\/div>\n\t\t<div class=\"elementor-element elementor-element-8520d32 e-con-full e-flex e-con e-child\" data-id=\"8520d32\" data-element_type=\"container\">\n\t\t<div class=\"elementor-element elementor-element-8904a18 e-con-full e-flex e-con e-child\" data-id=\"8904a18\" data-element_type=\"container\">\n\t\t\t\t<div class=\"elementor-element elementor-element-c38e45d elementor-widget elementor-widget-image\" data-id=\"c38e45d\" data-element_type=\"widget\" data-widget_type=\"image.default\">\n\t\t\t\t<div class=\"elementor-widget-container\">\n\t\t\t\t\t\t\t\t\t\t\t\t<figure class=\"wp-caption\">\n\t\t\t\t\t\t\t\t\t\t\t<a href=\"https:\/\/p4ntheon-recruitment.al\/en\/amvise\/\">\n\t\t\t\t\t\t\t<img decoding=\"async\" src=\"https:\/\/p4ntheon-recruitment.al\/wp-content\/uploads\/elementor\/thumbs\/Amvise-r1av3280ri8xkaor32mq3jysusiq1zr311s3gcyi1c.jpg\" title=\"Happy woman cooking at home wearing an apron &#8211; healthy eating concepts\" alt=\"Happy woman cooking at home wearing an apron - healthy eating concepts\" loading=\"lazy\" \/>\t\t\t\t\t\t\t\t<\/a>\n\t\t\t\t\t\t\t\t\t\t\t<figcaption class=\"widget-image-caption wp-caption-text\">KITCHEN<\/figcaption>\n\t\t\t\t\t\t\t\t\t\t<\/figure>\n\t\t\t\t\t\t\t\t\t<\/div>\n\t\t\t\t<\/div>\n\t\t\t\t<div class=\"elementor-element elementor-element-6e07eaa elementor-widget elementor-widget-tg-btn\" data-id=\"6e07eaa\" data-element_type=\"widget\" data-widget_type=\"tg-btn.default\">\n\t\t\t\t<div class=\"elementor-widget-container\">\n\t\t\t\t\t\r\n\r\n        \r\n                            <a href=\"https:\/\/p4ntheon-recruitment.al\/en\/amvise\/\" target=\"_self\" rel=\"nofollow\" class=\"btn border-btn\">\r\n                    View details                <\/a>\r\n            \r\n\r\n        \r\n\t\t\t\t<\/div>\n\t\t\t\t<\/div>\n\t\t\t\t<\/div>\n\t\t\t\t<\/div>\n\t\t\t\t\t<\/div>\n\t\t\t\t<\/div>\n\t\t\t\t<\/div>","protected":false},"excerpt":{"rendered":"<p>Besojini P4NTHEON RECRUITMENT p\u00ebr fuqizimin e nj\u00eb rekrutimi q\u00eb jep rezultate. Ne ju mund\u00ebsojm\u00eb staff jo vet\u00ebm p\u00ebr pun\u00ebsim afatgjat\u00eb, por dhe at\u00eb sezonal, qoft\u00eb ky shqiptar apo I huaj, t\u00eb q\u00ebndruesh\u00ebm, duke p\u00ebrmbushur \u00e7do pritshm\u00ebri tuaj, pasi p\u00ebr ne besimi dhe vler\u00ebsimi juaj VLEN!! DADO Shiko detajet KUJDESTARE NE FAMILJE Shiko detajet SANITARE Shiko [&hellip;]<\/p>","protected":false},"author":2,"featured_media":0,"parent":0,"menu_order":0,"comment_status":"closed","ping_status":"closed","template":"elementor_header_footer","meta":{"_acf_changed":false,"_monsterinsights_skip_tracking":false,"_monsterinsights_sitenote_active":false,"_monsterinsights_sitenote_note":"","_monsterinsights_sitenote_category":0,"footnotes":""},"class_list":["post-4385","page","type-page","status-publish","hentry"],"acf":[],"aioseo_notices":[],"_links":{"self":[{"href":"https:\/\/p4ntheon-recruitment.al\/en\/wp-json\/wp\/v2\/pages\/4385","targetHints":{"allow":["GET"]}}],"collection":[{"href":"https:\/\/p4ntheon-recruitment.al\/en\/wp-json\/wp\/v2\/pages"}],"about":[{"href":"https:\/\/p4ntheon-recruitment.al\/en\/wp-json\/wp\/v2\/types\/page"}],"author":[{"embeddable":true,"href":"https:\/\/p4ntheon-recruitment.al\/en\/wp-json\/wp\/v2\/users\/2"}],"replies":[{"embeddable":true,"href":"https:\/\/p4ntheon-recruitment.al\/en\/wp-json\/wp\/v2\/comments?post=4385"}],"version-history":[{"count":37,"href":"https:\/\/p4ntheon-recruitment.al\/en\/wp-json\/wp\/v2\/pages\/4385\/revisions"}],"predecessor-version":[{"id":7360,"href":"https:\/\/p4ntheon-recruitment.al\/en\/wp-json\/wp\/v2\/pages\/4385\/revisions\/7360"}],"wp:attachment":[{"href":"https:\/\/p4ntheon-recruitment.al\/en\/wp-json\/wp\/v2\/media?parent=4385"}],"curies":[{"name":"wp","href":"https:\/\/api.w.org\/{rel}","templated":true}]}}