{"id":4431,"date":"2025-02-10T13:52:31","date_gmt":"2025-02-10T13:52:31","guid":{"rendered":"https:\/\/p4ntheon-recruitment.al\/?page_id=4431"},"modified":"2025-03-26T15:24:00","modified_gmt":"2025-03-26T15:24:00","slug":"sanitare","status":"publish","type":"page","link":"https:\/\/p4ntheon-recruitment.al\/en\/sanitare\/","title":{"rendered":"Sanitare"},"content":{"rendered":"<div data-elementor-type=\"wp-page\" data-elementor-id=\"4431\" class=\"elementor elementor-4431\" data-elementor-post-type=\"page\">\n\t\t\t\t<div class=\"elementor-element elementor-element-1904b5e0 e-flex e-con-boxed e-con e-parent\" data-id=\"1904b5e0\" data-element_type=\"container\">\n\t\t\t\t\t<div class=\"e-con-inner\">\n\t\t<div class=\"elementor-element elementor-element-6068792b e-con-full e-flex e-con e-child\" data-id=\"6068792b\" data-element_type=\"container\" data-settings=\"{&quot;background_background&quot;:&quot;classic&quot;}\">\n\t\t<div class=\"elementor-element elementor-element-42f8d066 e-con-full e-flex e-con e-child\" data-id=\"42f8d066\" data-element_type=\"container\">\n\t\t\t\t<div class=\"elementor-element elementor-element-a93e07e elementor-widget elementor-widget-image\" data-id=\"a93e07e\" data-element_type=\"widget\" data-widget_type=\"image.default\">\n\t\t\t\t<div class=\"elementor-widget-container\">\n\t\t\t\t\t\t\t\t\t\t\t\t\t\t\t<img fetchpriority=\"high\" decoding=\"async\" width=\"640\" height=\"426\" src=\"https:\/\/p4ntheon-recruitment.al\/wp-content\/uploads\/2025\/02\/Sanitare-1024x682.jpg\" class=\"attachment-large size-large wp-image-4396\" alt=\"\" srcset=\"https:\/\/p4ntheon-recruitment.al\/wp-content\/uploads\/2025\/02\/Sanitare-1024x682.jpg 1024w, https:\/\/p4ntheon-recruitment.al\/wp-content\/uploads\/2025\/02\/Sanitare-300x200.jpg 300w, https:\/\/p4ntheon-recruitment.al\/wp-content\/uploads\/2025\/02\/Sanitare-768x512.jpg 768w, https:\/\/p4ntheon-recruitment.al\/wp-content\/uploads\/2025\/02\/Sanitare-1536x1024.jpg 1536w, https:\/\/p4ntheon-recruitment.al\/wp-content\/uploads\/2025\/02\/Sanitare.jpg 2000w\" sizes=\"(max-width: 640px) 100vw, 640px\" \/>\t\t\t\t\t\t\t\t\t\t\t\t\t\t\t<\/div>\n\t\t\t\t<\/div>\n\t\t\t\t<\/div>\n\t\t<div class=\"elementor-element elementor-element-f4f6038 e-con-full e-flex e-con e-child\" data-id=\"f4f6038\" data-element_type=\"container\">\n\t\t\t\t<div class=\"elementor-element elementor-element-20a4f006 elementor-widget elementor-widget-tg-heading\" data-id=\"20a4f006\" data-element_type=\"widget\" data-widget_type=\"tg-heading.default\">\n\t\t\t\t<div class=\"elementor-widget-container\">\n\t\t\t\t\t\r\n        <div class=\"section-title tg-heading-subheading animation-style3\">\r\n                            <span class=\"sub-title\">Kujdestare per shtepi<\/span>\r\n                        <h2 class=\"title tg-element-title\">Sanitare<\/h2>        <\/div>\r\n\r\n\t\t\t\t<\/div>\n\t\t\t\t<\/div>\n\t\t\t\t<div class=\"elementor-element elementor-element-5d90a748 elementor-widget elementor-widget-heading\" data-id=\"5d90a748\" data-element_type=\"widget\" data-widget_type=\"heading.default\">\n\t\t\t\t<div class=\"elementor-widget-container\">\n\t\t\t\t\t<p class=\"elementor-heading-title elementor-size-default\">Ambjeti ku jetojm\u00eb tregon shum\u00eb  rreth nesh, aty \u00ebsht\u00eb privat\u00ebsia, qet\u00ebsia dhe siguria jon\u00eb. P\u00ebrditshm\u00ebria shpesh nuk na mund\u00ebson koh\u00eb dhe mund\u00ebsi fizike p\u00ebr mir\u00ebmbajtjen e p\u00ebrdit\u00ebshme t\u00eb tij. Agjencia jon\u00eb ju mund\u00ebson mirmbajtjen e ambjeteve t\u00eb banimit qofshin k\u00ebto: vila ose apartamente, fal\u00eb punonj\u00ebsve t\u00eb pastrimit t\u00eb \u00e7ertifikuara, me eksperienc\u00eb disa vje\u00e7are n\u00eb profil. Fal\u00eb p\u00ebrkujdesjes dhe asistenc\u00ebs s\u00eb tyre ambjenti juaj do t\u00eb jet\u00eb gjithmon\u00eb I past\u00ebr, I rregllt dhe I sigurt. \nMundsojm\u00eb sh\u00ebrbimin e mirmbajtjes s\u00eb apartamenteve dhe vilave<\/p>\t\t\t\t<\/div>\n\t\t\t\t<\/div>\n\t\t\t\t<div class=\"elementor-element elementor-element-59aaf5a elementor-widget-divider--view-line elementor-widget elementor-widget-divider\" data-id=\"59aaf5a\" data-element_type=\"widget\" data-widget_type=\"divider.default\">\n\t\t\t\t<div class=\"elementor-widget-container\">\n\t\t\t\t\t\t\t<div class=\"elementor-divider\">\n\t\t\t<span class=\"elementor-divider-separator\">\n\t\t\t\t\t\t<\/span>\n\t\t<\/div>\n\t\t\t\t\t\t<\/div>\n\t\t\t\t<\/div>\n\t\t\t\t<div class=\"elementor-element elementor-element-c114b04 elementor-widget__width-initial elementor-widget elementor-widget-heading\" data-id=\"c114b04\" data-element_type=\"widget\" data-widget_type=\"heading.default\">\n\t\t\t\t<div class=\"elementor-widget-container\">\n\t\t\t\t\t<p class=\"elementor-heading-title elementor-size-default\">In any case, consult our database of job seekers, to see if a candidate is of particular interest to you.<\/p>\t\t\t\t<\/div>\n\t\t\t\t<\/div>\n\t\t\t\t<div class=\"elementor-element elementor-element-6746c1c elementor-align-center elementor-widget elementor-widget-button\" data-id=\"6746c1c\" data-element_type=\"widget\" data-widget_type=\"button.default\">\n\t\t\t\t<div class=\"elementor-widget-container\">\n\t\t\t\t\t\t\t\t\t<div class=\"elementor-button-wrapper\">\n\t\t\t\t\t<a class=\"elementor-button elementor-button-link elementor-size-sm\" href=\"#elementor-action%3Aaction%3Dpopup%3Aopen%26settings%3DeyJpZCI6IjU3MjgiLCJ0b2dnbGUiOmZhbHNlfQ%3D%3D\">\n\t\t\t\t\t\t<span class=\"elementor-button-content-wrapper\">\n\t\t\t\t\t\t<span class=\"elementor-button-icon\">\n\t\t\t\t<svg aria-hidden=\"true\" class=\"e-font-icon-svg e-fas-arrow-right\" viewbox=\"0 0 448 512\" xmlns=\"http:\/\/www.w3.org\/2000\/svg\"><path d=\"M190.5 66.9l22.2-22.2c9.4-9.4 24.6-9.4 33.9 0L441 239c9.4 9.4 9.4 24.6 0 33.9L246.6 467.3c-9.4 9.4-24.6 9.4-33.9 0l-22.2-22.2c-9.5-9.5-9.3-25 .4-34.3L311.4 296H24c-13.3 0-24-10.7-24-24v-32c0-13.3 10.7-24 24-24h287.4L190.9 101.2c-9.8-9.3-10-24.8-.4-34.3z\"><\/path><\/svg>\t\t\t<\/span>\n\t\t\t\t\t\t\t\t\t<span class=\"elementor-button-text\">Request Service<\/span>\n\t\t\t\t\t<\/span>\n\t\t\t\t\t<\/a>\n\t\t\t\t<\/div>\n\t\t\t\t\t\t\t\t<\/div>\n\t\t\t\t<\/div>\n\t\t\t\t<\/div>\n\t\t\t\t<\/div>\n\t\t\t\t\t<\/div>\n\t\t\t\t<\/div>\n\t\t<div class=\"elementor-element elementor-element-d4e3857 e-flex e-con-boxed e-con e-parent\" data-id=\"d4e3857\" data-element_type=\"container\">\n\t\t\t\t\t<div class=\"e-con-inner\">\n\t\t\t\t<div class=\"elementor-element elementor-element-246839a5 elementor-widget elementor-widget-tg-heading\" data-id=\"246839a5\" data-element_type=\"widget\" data-widget_type=\"tg-heading.default\">\n\t\t\t\t<div class=\"elementor-widget-container\">\n\t\t\t\t\t\r\n        <div class=\"section-title tg-heading-subheading animation-style3\">\r\n                        <h2 class=\"title tg-element-title\">Sh\u00ebrbimet  mund\u00ebsohen si m\u00eb posht\u00eb:<\/h2>        <\/div>\r\n\r\n\t\t\t\t<\/div>\n\t\t\t\t<\/div>\n\t\t\t\t\t<\/div>\n\t\t\t\t<\/div>\n\t\t<div class=\"elementor-element elementor-element-65214e6a e-flex e-con-boxed e-con e-parent\" data-id=\"65214e6a\" data-element_type=\"container\">\n\t\t\t\t\t<div class=\"e-con-inner\">\n\t\t<div class=\"elementor-element elementor-element-5ba76e54 e-con-full e-flex e-con e-child\" data-id=\"5ba76e54\" data-element_type=\"container\" data-settings=\"{&quot;background_background&quot;:&quot;classic&quot;}\">\n\t\t\t\t<div class=\"elementor-element elementor-element-24185a2b elementor-icon-list--layout-inline elementor-align-center elementor-list-item-link-full_width elementor-widget elementor-widget-icon-list\" data-id=\"24185a2b\" data-element_type=\"widget\" data-widget_type=\"icon-list.default\">\n\t\t\t\t<div class=\"elementor-widget-container\">\n\t\t\t\t\t\t\t<ul class=\"elementor-icon-list-items elementor-inline-items\">\n\t\t\t\t\t\t\t<li class=\"elementor-icon-list-item elementor-inline-item\">\n\t\t\t\t\t\t\t\t\t\t\t<span class=\"elementor-icon-list-icon\">\n\t\t\t\t\t\t\t<svg aria-hidden=\"true\" class=\"e-font-icon-svg e-fas-check\" viewbox=\"0 0 512 512\" xmlns=\"http:\/\/www.w3.org\/2000\/svg\"><path d=\"M173.898 439.404l-166.4-166.4c-9.997-9.997-9.997-26.206 0-36.204l36.203-36.204c9.997-9.998 26.207-9.998 36.204 0L192 312.69 432.095 72.596c9.997-9.997 26.207-9.997 36.204 0l36.203 36.204c9.997 9.997 9.997 26.206 0 36.204l-294.4 294.401c-9.998 9.997-26.207 9.997-36.204-.001z\"><\/path><\/svg>\t\t\t\t\t\t<\/span>\n\t\t\t\t\t\t\t\t\t\t<span class=\"elementor-icon-list-text\">24 h (LIVE IN)<\/span>\n\t\t\t\t\t\t\t\t\t<\/li>\n\t\t\t\t\t\t\t\t<li class=\"elementor-icon-list-item elementor-inline-item\">\n\t\t\t\t\t\t\t\t\t\t\t<span class=\"elementor-icon-list-icon\">\n\t\t\t\t\t\t\t<svg aria-hidden=\"true\" class=\"e-font-icon-svg e-fas-check\" viewbox=\"0 0 512 512\" xmlns=\"http:\/\/www.w3.org\/2000\/svg\"><path d=\"M173.898 439.404l-166.4-166.4c-9.997-9.997-9.997-26.206 0-36.204l36.203-36.204c9.997-9.998 26.207-9.998 36.204 0L192 312.69 432.095 72.596c9.997-9.997 26.207-9.997 36.204 0l36.203 36.204c9.997 9.997 9.997 26.206 0 36.204l-294.4 294.401c-9.998 9.997-26.207 9.997-36.204-.001z\"><\/path><\/svg>\t\t\t\t\t\t<\/span>\n\t\t\t\t\t\t\t\t\t\t<span class=\"elementor-icon-list-text\">Turne sipas k\u00ebrkes\u00ebs<\/span>\n\t\t\t\t\t\t\t\t\t<\/li>\n\t\t\t\t\t\t\t\t<li class=\"elementor-icon-list-item elementor-inline-item\">\n\t\t\t\t\t\t\t\t\t\t\t<span class=\"elementor-icon-list-icon\">\n\t\t\t\t\t\t\t<svg aria-hidden=\"true\" class=\"e-font-icon-svg e-fas-check\" viewbox=\"0 0 512 512\" xmlns=\"http:\/\/www.w3.org\/2000\/svg\"><path d=\"M173.898 439.404l-166.4-166.4c-9.997-9.997-9.997-26.206 0-36.204l36.203-36.204c9.997-9.998 26.207-9.998 36.204 0L192 312.69 432.095 72.596c9.997-9.997 26.207-9.997 36.204 0l36.203 36.204c9.997 9.997 9.997 26.206 0 36.204l-294.4 294.401c-9.998 9.997-26.207 9.997-36.204-.001z\"><\/path><\/svg>\t\t\t\t\t\t<\/span>\n\t\t\t\t\t\t\t\t\t\t<span class=\"elementor-icon-list-text\">Pastrime orar part - time<\/span>\n\t\t\t\t\t\t\t\t\t<\/li>\n\t\t\t\t\t\t\t\t<li class=\"elementor-icon-list-item elementor-inline-item\">\n\t\t\t\t\t\t\t\t\t\t\t<span class=\"elementor-icon-list-icon\">\n\t\t\t\t\t\t\t<svg aria-hidden=\"true\" class=\"e-font-icon-svg e-fas-check\" viewbox=\"0 0 512 512\" xmlns=\"http:\/\/www.w3.org\/2000\/svg\"><path d=\"M173.898 439.404l-166.4-166.4c-9.997-9.997-9.997-26.206 0-36.204l36.203-36.204c9.997-9.998 26.207-9.998 36.204 0L192 312.69 432.095 72.596c9.997-9.997 26.207-9.997 36.204 0l36.203 36.204c9.997 9.997 9.997 26.206 0 36.204l-294.4 294.401c-9.998 9.997-26.207 9.997-36.204-.001z\"><\/path><\/svg>\t\t\t\t\t\t<\/span>\n\t\t\t\t\t\t\t\t\t\t<span class=\"elementor-icon-list-text\">Pastrime ditore<\/span>\n\t\t\t\t\t\t\t\t\t<\/li>\n\t\t\t\t\t\t\t\t<li class=\"elementor-icon-list-item elementor-inline-item\">\n\t\t\t\t\t\t\t\t\t\t\t<span class=\"elementor-icon-list-icon\">\n\t\t\t\t\t\t\t<svg aria-hidden=\"true\" class=\"e-font-icon-svg e-fas-check\" viewbox=\"0 0 512 512\" xmlns=\"http:\/\/www.w3.org\/2000\/svg\"><path d=\"M173.898 439.404l-166.4-166.4c-9.997-9.997-9.997-26.206 0-36.204l36.203-36.204c9.997-9.998 26.207-9.998 36.204 0L192 312.69 432.095 72.596c9.997-9.997 26.207-9.997 36.204 0l36.203 36.204c9.997 9.997 9.997 26.206 0 36.204l-294.4 294.401c-9.998 9.997-26.207 9.997-36.204-.001z\"><\/path><\/svg>\t\t\t\t\t\t<\/span>\n\t\t\t\t\t\t\t\t\t\t<span class=\"elementor-icon-list-text\">Pastrime me or\u00eb<\/span>\n\t\t\t\t\t\t\t\t\t<\/li>\n\t\t\t\t\t\t<\/ul>\n\t\t\t\t\t\t<\/div>\n\t\t\t\t<\/div>\n\t\t\t\t<\/div>\n\t\t\t\t\t<\/div>\n\t\t\t\t<\/div>\n\t\t\t\t<\/div>","protected":false},"excerpt":{"rendered":"<p>Kujdestare per shtepi Sanitare Ambjeti ku jetojm\u00eb tregon shum\u00eb rreth nesh, aty \u00ebsht\u00eb privat\u00ebsia, qet\u00ebsia dhe siguria jon\u00eb. P\u00ebrditshm\u00ebria shpesh nuk na mund\u00ebson koh\u00eb dhe mund\u00ebsi fizike p\u00ebr mir\u00ebmbajtjen e p\u00ebrdit\u00ebshme t\u00eb tij. Agjencia jon\u00eb ju mund\u00ebson mirmbajtjen e ambjeteve t\u00eb banimit qofshin k\u00ebto: vila ose apartamente, fal\u00eb punonj\u00ebsve t\u00eb pastrimit t\u00eb \u00e7ertifikuara, me eksperienc\u00eb [&hellip;]<\/p>","protected":false},"author":2,"featured_media":4396,"parent":0,"menu_order":0,"comment_status":"closed","ping_status":"closed","template":"elementor_header_footer","meta":{"_acf_changed":false,"_monsterinsights_skip_tracking":false,"_monsterinsights_sitenote_active":false,"_monsterinsights_sitenote_note":"","_monsterinsights_sitenote_category":0,"footnotes":""},"class_list":["post-4431","page","type-page","status-publish","has-post-thumbnail","hentry"],"acf":[],"aioseo_notices":[],"_links":{"self":[{"href":"https:\/\/p4ntheon-recruitment.al\/en\/wp-json\/wp\/v2\/pages\/4431","targetHints":{"allow":["GET"]}}],"collection":[{"href":"https:\/\/p4ntheon-recruitment.al\/en\/wp-json\/wp\/v2\/pages"}],"about":[{"href":"https:\/\/p4ntheon-recruitment.al\/en\/wp-json\/wp\/v2\/types\/page"}],"author":[{"embeddable":true,"href":"https:\/\/p4ntheon-recruitment.al\/en\/wp-json\/wp\/v2\/users\/2"}],"replies":[{"embeddable":true,"href":"https:\/\/p4ntheon-recruitment.al\/en\/wp-json\/wp\/v2\/comments?post=4431"}],"version-history":[{"count":32,"href":"https:\/\/p4ntheon-recruitment.al\/en\/wp-json\/wp\/v2\/pages\/4431\/revisions"}],"predecessor-version":[{"id":7357,"href":"https:\/\/p4ntheon-recruitment.al\/en\/wp-json\/wp\/v2\/pages\/4431\/revisions\/7357"}],"wp:featuredmedia":[{"embeddable":true,"href":"https:\/\/p4ntheon-recruitment.al\/en\/wp-json\/wp\/v2\/media\/4396"}],"wp:attachment":[{"href":"https:\/\/p4ntheon-recruitment.al\/en\/wp-json\/wp\/v2\/media?parent=4431"}],"curies":[{"name":"wp","href":"https:\/\/api.w.org\/{rel}","templated":true}]}}