{"id":4441,"date":"2025-02-10T13:57:19","date_gmt":"2025-02-10T13:57:19","guid":{"rendered":"https:\/\/p4ntheon-recruitment.al\/?page_id=4441"},"modified":"2025-03-26T15:17:41","modified_gmt":"2025-03-26T15:17:41","slug":"amvise","status":"publish","type":"page","link":"https:\/\/p4ntheon-recruitment.al\/en\/amvise\/","title":{"rendered":"KITCHEN"},"content":{"rendered":"<div data-elementor-type=\"wp-page\" data-elementor-id=\"4441\" class=\"elementor elementor-4441\" data-elementor-post-type=\"page\">\n\t\t\t\t<div class=\"elementor-element elementor-element-3b8946d0 e-flex e-con-boxed e-con e-parent\" data-id=\"3b8946d0\" data-element_type=\"container\">\n\t\t\t\t\t<div class=\"e-con-inner\">\n\t\t<div class=\"elementor-element elementor-element-213fe0bb e-con-full e-flex e-con e-child\" data-id=\"213fe0bb\" data-element_type=\"container\" data-settings=\"{&quot;background_background&quot;:&quot;classic&quot;}\">\n\t\t<div class=\"elementor-element elementor-element-17a52ec9 e-con-full e-flex e-con e-child\" data-id=\"17a52ec9\" data-element_type=\"container\">\n\t\t\t\t<div class=\"elementor-element elementor-element-d98a140 elementor-widget elementor-widget-image\" data-id=\"d98a140\" data-element_type=\"widget\" data-widget_type=\"image.default\">\n\t\t\t\t<div class=\"elementor-widget-container\">\n\t\t\t\t\t\t\t\t\t\t\t\t\t\t\t<img fetchpriority=\"high\" decoding=\"async\" width=\"612\" height=\"410\" src=\"https:\/\/p4ntheon-recruitment.al\/wp-content\/uploads\/2025\/02\/Amvise.jpg\" class=\"attachment-large size-large wp-image-4397\" alt=\"\" srcset=\"https:\/\/p4ntheon-recruitment.al\/wp-content\/uploads\/2025\/02\/Amvise.jpg 612w, https:\/\/p4ntheon-recruitment.al\/wp-content\/uploads\/2025\/02\/Amvise-300x201.jpg 300w\" sizes=\"(max-width: 612px) 100vw, 612px\" \/>\t\t\t\t\t\t\t\t\t\t\t\t\t\t\t<\/div>\n\t\t\t\t<\/div>\n\t\t\t\t<\/div>\n\t\t<div class=\"elementor-element elementor-element-7bbc2fdd e-con-full e-flex e-con e-child\" data-id=\"7bbc2fdd\" data-element_type=\"container\">\n\t\t\t\t<div class=\"elementor-element elementor-element-12aa010b elementor-widget elementor-widget-tg-heading\" data-id=\"12aa010b\" data-element_type=\"widget\" data-widget_type=\"tg-heading.default\">\n\t\t\t\t<div class=\"elementor-widget-container\">\n\t\t\t\t\t\r\n        <div class=\"section-title tg-heading-subheading animation-style3\">\r\n                            <span class=\"sub-title\">Kuzhiniere profesionale<\/span>\r\n                        <h2 class=\"title tg-element-title\">Amvise<\/h2>        <\/div>\r\n\r\n\t\t\t\t<\/div>\n\t\t\t\t<\/div>\n\t\t\t\t<div class=\"elementor-element elementor-element-7f95032e elementor-widget elementor-widget-heading\" data-id=\"7f95032e\" data-element_type=\"widget\" data-widget_type=\"heading.default\">\n\t\t\t\t<div class=\"elementor-widget-container\">\n\t\t\t\t\t<p class=\"elementor-heading-title elementor-size-default\">P\u00ebr t\u00eb gjith\u00eb ju t\u00eb cil\u00ebt e vler\u00ebsoni nj\u00eb vakt t\u00eb shijsh\u00ebm dhe t\u00eb ushqyesh\u00ebm n\u00eb sht\u00ebpi, p\u00ebr ju t\u00eb cil\u00ebt n\u00eb pamund\u00ebsi p\u00ebr shkak t\u00eb angazhimeve e keni t\u00eb pamundur ta pregatisni, agjencia ju vjen n\u00eb ndihm\u00eb me kuzhinieret e \u00e7ertifikuara dhe me eksperinc\u00eb n\u00eb k\u00ebt\u00eb profil. \nN\u00eb shumic\u00ebn e rasteve, ky sh\u00ebrbim nd\u00ebrlidhet me at\u00eb t\u00eb mirmbajtjes s\u00eb ambjentit t\u00eb banimit, si nj\u00eb e t\u00ebr\u00eb, por mund\u00ebsohet dhe si sh\u00ebrbim m\u00eb vehte. <\/p>\t\t\t\t<\/div>\n\t\t\t\t<\/div>\n\t\t\t\t<div class=\"elementor-element elementor-element-6f511ec elementor-widget-divider--view-line elementor-widget elementor-widget-divider\" data-id=\"6f511ec\" data-element_type=\"widget\" data-widget_type=\"divider.default\">\n\t\t\t\t<div class=\"elementor-widget-container\">\n\t\t\t\t\t\t\t<div class=\"elementor-divider\">\n\t\t\t<span class=\"elementor-divider-separator\">\n\t\t\t\t\t\t<\/span>\n\t\t<\/div>\n\t\t\t\t\t\t<\/div>\n\t\t\t\t<\/div>\n\t\t\t\t<div class=\"elementor-element elementor-element-3a040373 elementor-widget__width-initial elementor-widget elementor-widget-heading\" data-id=\"3a040373\" data-element_type=\"widget\" data-widget_type=\"heading.default\">\n\t\t\t\t<div class=\"elementor-widget-container\">\n\t\t\t\t\t<p class=\"elementor-heading-title elementor-size-default\">In any case, consult our database of job seekers, to see if a candidate is of particular interest to you.<\/p>\t\t\t\t<\/div>\n\t\t\t\t<\/div>\n\t\t\t\t<div class=\"elementor-element elementor-element-a180b02 elementor-align-center elementor-widget elementor-widget-button\" data-id=\"a180b02\" data-element_type=\"widget\" data-widget_type=\"button.default\">\n\t\t\t\t<div class=\"elementor-widget-container\">\n\t\t\t\t\t\t\t\t\t<div class=\"elementor-button-wrapper\">\n\t\t\t\t\t<a class=\"elementor-button elementor-button-link elementor-size-sm\" href=\"#elementor-action%3Aaction%3Dpopup%3Aopen%26settings%3DeyJpZCI6IjU3MjgiLCJ0b2dnbGUiOmZhbHNlfQ%3D%3D\">\n\t\t\t\t\t\t<span class=\"elementor-button-content-wrapper\">\n\t\t\t\t\t\t<span class=\"elementor-button-icon\">\n\t\t\t\t<svg aria-hidden=\"true\" class=\"e-font-icon-svg e-fas-arrow-right\" viewbox=\"0 0 448 512\" xmlns=\"http:\/\/www.w3.org\/2000\/svg\"><path d=\"M190.5 66.9l22.2-22.2c9.4-9.4 24.6-9.4 33.9 0L441 239c9.4 9.4 9.4 24.6 0 33.9L246.6 467.3c-9.4 9.4-24.6 9.4-33.9 0l-22.2-22.2c-9.5-9.5-9.3-25 .4-34.3L311.4 296H24c-13.3 0-24-10.7-24-24v-32c0-13.3 10.7-24 24-24h287.4L190.9 101.2c-9.8-9.3-10-24.8-.4-34.3z\"><\/path><\/svg>\t\t\t<\/span>\n\t\t\t\t\t\t\t\t\t<span class=\"elementor-button-text\">Request Service<\/span>\n\t\t\t\t\t<\/span>\n\t\t\t\t\t<\/a>\n\t\t\t\t<\/div>\n\t\t\t\t\t\t\t\t<\/div>\n\t\t\t\t<\/div>\n\t\t\t\t<\/div>\n\t\t\t\t<\/div>\n\t\t\t\t\t<\/div>\n\t\t\t\t<\/div>\n\t\t\t\t<\/div>","protected":false},"excerpt":{"rendered":"<p>Kuzhiniere profesionale Amvise P\u00ebr t\u00eb gjith\u00eb ju t\u00eb cil\u00ebt e vler\u00ebsoni nj\u00eb vakt t\u00eb shijsh\u00ebm dhe t\u00eb ushqyesh\u00ebm n\u00eb sht\u00ebpi, p\u00ebr ju t\u00eb cil\u00ebt n\u00eb pamund\u00ebsi p\u00ebr shkak t\u00eb angazhimeve e keni t\u00eb pamundur ta pregatisni, agjencia ju vjen n\u00eb ndihm\u00eb me kuzhinieret e \u00e7ertifikuara dhe me eksperinc\u00eb n\u00eb k\u00ebt\u00eb profil. N\u00eb shumic\u00ebn e rasteve, [&hellip;]<\/p>","protected":false},"author":2,"featured_media":4397,"parent":0,"menu_order":0,"comment_status":"closed","ping_status":"closed","template":"elementor_header_footer","meta":{"_acf_changed":false,"_monsterinsights_skip_tracking":false,"_monsterinsights_sitenote_active":false,"_monsterinsights_sitenote_note":"","_monsterinsights_sitenote_category":0,"footnotes":""},"class_list":["post-4441","page","type-page","status-publish","has-post-thumbnail","hentry"],"acf":[],"aioseo_notices":[],"_links":{"self":[{"href":"https:\/\/p4ntheon-recruitment.al\/en\/wp-json\/wp\/v2\/pages\/4441","targetHints":{"allow":["GET"]}}],"collection":[{"href":"https:\/\/p4ntheon-recruitment.al\/en\/wp-json\/wp\/v2\/pages"}],"about":[{"href":"https:\/\/p4ntheon-recruitment.al\/en\/wp-json\/wp\/v2\/types\/page"}],"author":[{"embeddable":true,"href":"https:\/\/p4ntheon-recruitment.al\/en\/wp-json\/wp\/v2\/users\/2"}],"replies":[{"embeddable":true,"href":"https:\/\/p4ntheon-recruitment.al\/en\/wp-json\/wp\/v2\/comments?post=4441"}],"version-history":[{"count":33,"href":"https:\/\/p4ntheon-recruitment.al\/en\/wp-json\/wp\/v2\/pages\/4441\/revisions"}],"predecessor-version":[{"id":7345,"href":"https:\/\/p4ntheon-recruitment.al\/en\/wp-json\/wp\/v2\/pages\/4441\/revisions\/7345"}],"wp:featuredmedia":[{"embeddable":true,"href":"https:\/\/p4ntheon-recruitment.al\/en\/wp-json\/wp\/v2\/media\/4397"}],"wp:attachment":[{"href":"https:\/\/p4ntheon-recruitment.al\/en\/wp-json\/wp\/v2\/media?parent=4441"}],"curies":[{"name":"wp","href":"https:\/\/api.w.org\/{rel}","templated":true}]}}