{"id":4488,"date":"2025-02-10T20:15:45","date_gmt":"2025-02-10T20:15:45","guid":{"rendered":"https:\/\/p4ntheon-recruitment.al\/?page_id=4488"},"modified":"2025-03-26T15:20:09","modified_gmt":"2025-03-26T15:20:09","slug":"dado-filipineze","status":"publish","type":"page","link":"https:\/\/p4ntheon-recruitment.al\/en\/dado-filipineze\/","title":{"rendered":"Philippine Babysitter"},"content":{"rendered":"<div data-elementor-type=\"wp-page\" data-elementor-id=\"4488\" class=\"elementor elementor-4488\" data-elementor-post-type=\"page\">\n\t\t\t\t<div class=\"elementor-element elementor-element-539f7e48 e-flex e-con-boxed e-con e-parent\" data-id=\"539f7e48\" data-element_type=\"container\">\n\t\t\t\t\t<div class=\"e-con-inner\">\n\t\t<div class=\"elementor-element elementor-element-1aa906ba e-con-full e-flex e-con e-child\" data-id=\"1aa906ba\" data-element_type=\"container\" data-settings=\"{&quot;background_background&quot;:&quot;classic&quot;}\">\n\t\t<div class=\"elementor-element elementor-element-2e525030 e-con-full e-flex e-con e-child\" data-id=\"2e525030\" data-element_type=\"container\">\n\t\t\t\t<div class=\"elementor-element elementor-element-0381da6 elementor-widget elementor-widget-image\" data-id=\"0381da6\" data-element_type=\"widget\" data-widget_type=\"image.default\">\n\t\t\t\t<div class=\"elementor-widget-container\">\n\t\t\t\t\t\t\t\t\t\t\t\t\t\t\t<img fetchpriority=\"high\" decoding=\"async\" width=\"474\" height=\"320\" src=\"https:\/\/p4ntheon-recruitment.al\/wp-content\/uploads\/2024\/12\/Dado-per-kujdesje-femije.jpg\" class=\"attachment-large size-large wp-image-4381\" alt=\"\" srcset=\"https:\/\/p4ntheon-recruitment.al\/wp-content\/uploads\/2024\/12\/Dado-per-kujdesje-femije.jpg 474w, https:\/\/p4ntheon-recruitment.al\/wp-content\/uploads\/2024\/12\/Dado-per-kujdesje-femije-300x203.jpg 300w\" sizes=\"(max-width: 474px) 100vw, 474px\" \/>\t\t\t\t\t\t\t\t\t\t\t\t\t\t\t<\/div>\n\t\t\t\t<\/div>\n\t\t\t\t<\/div>\n\t\t<div class=\"elementor-element elementor-element-4c44d5b5 e-con-full e-flex e-con e-child\" data-id=\"4c44d5b5\" data-element_type=\"container\">\n\t\t\t\t<div class=\"elementor-element elementor-element-38d4bc62 elementor-widget elementor-widget-tg-heading\" data-id=\"38d4bc62\" data-element_type=\"widget\" data-widget_type=\"tg-heading.default\">\n\t\t\t\t<div class=\"elementor-widget-container\">\n\t\t\t\t\t\r\n        <div class=\"section-title tg-heading-subheading animation-style3\">\r\n                            <span class=\"sub-title\">Babysitter<\/span>\r\n                        <h2 class=\"title tg-element-title\">Philippine Babysitter<\/h2>        <\/div>\r\n\r\n\t\t\t\t<\/div>\n\t\t\t\t<\/div>\n\t\t\t\t<div class=\"elementor-element elementor-element-5ac6297f elementor-widget elementor-widget-heading\" data-id=\"5ac6297f\" data-element_type=\"widget\" data-widget_type=\"heading.default\">\n\t\t\t\t<div class=\"elementor-widget-container\">\n\t\t\t\t\t<p class=\"elementor-heading-title elementor-size-default\">We provide care for your children with nannies from the Philippines. Certified nannies, with many years of experience in child care and raising. Easily adaptable to family cultures and typologies. Filipino nannies are noted for their professionalism, dedication, love, and positivity, categorizing them as the most preferred nationality in the world in terms of family services. Nannies are English speakers, depending on preferences with the relevant education as a teacher or educator. This service is also provided for children with different abilities, of all ages, enabling professional, profiled guardians, both in the female and male genders.<\/p>\t\t\t\t<\/div>\n\t\t\t\t<\/div>\n\t\t\t\t<div class=\"elementor-element elementor-element-a836c84 elementor-widget elementor-widget-text-editor\" data-id=\"a836c84\" data-element_type=\"widget\" data-widget_type=\"text-editor.default\">\n\t\t\t\t<div class=\"elementor-widget-container\">\n\t\t\t\t\t\t\t\t\t<p><strong><span style=\"text-align: justify; white-space-collapse: preserve;\">This service is provided and recommended by the agency only in the typology (LIVE IN) FAMILY LIVING.<\/span><\/strong><\/p>\t\t\t\t\t\t\t\t<\/div>\n\t\t\t\t<\/div>\n\t\t\t\t<div class=\"elementor-element elementor-element-6a6a354 elementor-widget-divider--view-line elementor-widget elementor-widget-divider\" data-id=\"6a6a354\" data-element_type=\"widget\" data-widget_type=\"divider.default\">\n\t\t\t\t<div class=\"elementor-widget-container\">\n\t\t\t\t\t\t\t<div class=\"elementor-divider\">\n\t\t\t<span class=\"elementor-divider-separator\">\n\t\t\t\t\t\t<\/span>\n\t\t<\/div>\n\t\t\t\t\t\t<\/div>\n\t\t\t\t<\/div>\n\t\t\t\t<div class=\"elementor-element elementor-element-39b45d35 elementor-widget__width-initial elementor-widget elementor-widget-heading\" data-id=\"39b45d35\" data-element_type=\"widget\" data-widget_type=\"heading.default\">\n\t\t\t\t<div class=\"elementor-widget-container\">\n\t\t\t\t\t<p class=\"elementor-heading-title elementor-size-default\">In any case, consult our database of job seekers, to see if a candidate is of particular interest to you.<\/p>\t\t\t\t<\/div>\n\t\t\t\t<\/div>\n\t\t\t\t<div class=\"elementor-element elementor-element-603ef02 elementor-align-center elementor-widget elementor-widget-button\" data-id=\"603ef02\" data-element_type=\"widget\" data-widget_type=\"button.default\">\n\t\t\t\t<div class=\"elementor-widget-container\">\n\t\t\t\t\t\t\t\t\t<div class=\"elementor-button-wrapper\">\n\t\t\t\t\t<a class=\"elementor-button elementor-button-link elementor-size-sm\" href=\"#elementor-action%3Aaction%3Dpopup%3Aopen%26settings%3DeyJpZCI6IjU3MjgiLCJ0b2dnbGUiOmZhbHNlfQ%3D%3D\">\n\t\t\t\t\t\t<span class=\"elementor-button-content-wrapper\">\n\t\t\t\t\t\t<span class=\"elementor-button-icon\">\n\t\t\t\t<svg aria-hidden=\"true\" class=\"e-font-icon-svg e-fas-arrow-right\" viewbox=\"0 0 448 512\" xmlns=\"http:\/\/www.w3.org\/2000\/svg\"><path d=\"M190.5 66.9l22.2-22.2c9.4-9.4 24.6-9.4 33.9 0L441 239c9.4 9.4 9.4 24.6 0 33.9L246.6 467.3c-9.4 9.4-24.6 9.4-33.9 0l-22.2-22.2c-9.5-9.5-9.3-25 .4-34.3L311.4 296H24c-13.3 0-24-10.7-24-24v-32c0-13.3 10.7-24 24-24h287.4L190.9 101.2c-9.8-9.3-10-24.8-.4-34.3z\"><\/path><\/svg>\t\t\t<\/span>\n\t\t\t\t\t\t\t\t\t<span class=\"elementor-button-text\">Request Service<\/span>\n\t\t\t\t\t<\/span>\n\t\t\t\t\t<\/a>\n\t\t\t\t<\/div>\n\t\t\t\t\t\t\t\t<\/div>\n\t\t\t\t<\/div>\n\t\t\t\t<\/div>\n\t\t\t\t<\/div>\n\t\t\t\t\t<\/div>\n\t\t\t\t<\/div>\n\t\t\t\t<\/div>","protected":false},"excerpt":{"rendered":"<p>Kujdestare per femije Dado Filipineze Mund\u00ebsojm\u00eb p\u00ebrkujdesjen e f\u00ebmij\u00ebve tuaj me dado nga Filipinet. Dado t\u00eb \u00e7ertfikuara, me eksperienc\u00eb shum\u00ebvje\u00e7are n\u00eb p\u00ebrkujdesjen dhe rritjen e f\u00ebmij\u00ebve. Leht\u00ebsisht t\u00eb adaptueshme me kultura dhe tipologji familjare. Dadot filipineze shquhen p\u00ebr profesionalizmin e tyre, p\u00ebrkushtimin, dashurin\u00eb dhe pozitivitetin e tyre, duke I kategorizuar n\u00eb komb\u00ebsin\u00eb m\u00eb t\u00eb preferuar [&hellip;]<\/p>","protected":false},"author":2,"featured_media":4381,"parent":0,"menu_order":0,"comment_status":"closed","ping_status":"closed","template":"elementor_header_footer","meta":{"_acf_changed":false,"_monsterinsights_skip_tracking":false,"_monsterinsights_sitenote_active":false,"_monsterinsights_sitenote_note":"","_monsterinsights_sitenote_category":0,"footnotes":""},"class_list":["post-4488","page","type-page","status-publish","has-post-thumbnail","hentry"],"acf":[],"aioseo_notices":[],"_links":{"self":[{"href":"https:\/\/p4ntheon-recruitment.al\/en\/wp-json\/wp\/v2\/pages\/4488","targetHints":{"allow":["GET"]}}],"collection":[{"href":"https:\/\/p4ntheon-recruitment.al\/en\/wp-json\/wp\/v2\/pages"}],"about":[{"href":"https:\/\/p4ntheon-recruitment.al\/en\/wp-json\/wp\/v2\/types\/page"}],"author":[{"embeddable":true,"href":"https:\/\/p4ntheon-recruitment.al\/en\/wp-json\/wp\/v2\/users\/2"}],"replies":[{"embeddable":true,"href":"https:\/\/p4ntheon-recruitment.al\/en\/wp-json\/wp\/v2\/comments?post=4488"}],"version-history":[{"count":37,"href":"https:\/\/p4ntheon-recruitment.al\/en\/wp-json\/wp\/v2\/pages\/4488\/revisions"}],"predecessor-version":[{"id":7350,"href":"https:\/\/p4ntheon-recruitment.al\/en\/wp-json\/wp\/v2\/pages\/4488\/revisions\/7350"}],"wp:featuredmedia":[{"embeddable":true,"href":"https:\/\/p4ntheon-recruitment.al\/en\/wp-json\/wp\/v2\/media\/4381"}],"wp:attachment":[{"href":"https:\/\/p4ntheon-recruitment.al\/en\/wp-json\/wp\/v2\/media?parent=4488"}],"curies":[{"name":"wp","href":"https:\/\/api.w.org\/{rel}","templated":true}]}}