{"id":4489,"date":"2025-02-10T20:20:06","date_gmt":"2025-02-10T20:20:06","guid":{"rendered":"https:\/\/p4ntheon-recruitment.al\/?page_id=4489"},"modified":"2025-03-26T15:21:47","modified_gmt":"2025-03-26T15:21:47","slug":"kujdestare-filipineze","status":"publish","type":"page","link":"https:\/\/p4ntheon-recruitment.al\/en\/kujdestare-filipineze\/","title":{"rendered":"Filipino Caregiver"},"content":{"rendered":"<div data-elementor-type=\"wp-page\" data-elementor-id=\"4489\" class=\"elementor elementor-4489\" data-elementor-post-type=\"page\">\n\t\t\t\t<div class=\"elementor-element elementor-element-3ba40efe e-flex e-con-boxed e-con e-parent\" data-id=\"3ba40efe\" data-element_type=\"container\">\n\t\t\t\t\t<div class=\"e-con-inner\">\n\t\t<div class=\"elementor-element elementor-element-7abe2026 e-con-full e-flex e-con e-child\" data-id=\"7abe2026\" data-element_type=\"container\" data-settings=\"{&quot;background_background&quot;:&quot;classic&quot;}\">\n\t\t<div class=\"elementor-element elementor-element-409d04f2 e-con-full e-flex e-con e-child\" data-id=\"409d04f2\" data-element_type=\"container\">\n\t\t\t\t<div class=\"elementor-element elementor-element-9862a50 elementor-widget elementor-widget-image\" data-id=\"9862a50\" data-element_type=\"widget\" data-widget_type=\"image.default\">\n\t\t\t\t<div class=\"elementor-widget-container\">\n\t\t\t\t\t\t\t\t\t\t\t\t\t\t\t<img fetchpriority=\"high\" decoding=\"async\" width=\"640\" height=\"427\" src=\"https:\/\/p4ntheon-recruitment.al\/wp-content\/uploads\/2025\/02\/Kujdestare-Familje-1024x683.jpg\" class=\"attachment-large size-large wp-image-4395\" alt=\"\" srcset=\"https:\/\/p4ntheon-recruitment.al\/wp-content\/uploads\/2025\/02\/Kujdestare-Familje-1024x683.jpg 1024w, https:\/\/p4ntheon-recruitment.al\/wp-content\/uploads\/2025\/02\/Kujdestare-Familje-300x200.jpg 300w, https:\/\/p4ntheon-recruitment.al\/wp-content\/uploads\/2025\/02\/Kujdestare-Familje-768x512.jpg 768w, https:\/\/p4ntheon-recruitment.al\/wp-content\/uploads\/2025\/02\/Kujdestare-Familje-1536x1024.jpg 1536w, https:\/\/p4ntheon-recruitment.al\/wp-content\/uploads\/2025\/02\/Kujdestare-Familje-2048x1365.jpg 2048w\" sizes=\"(max-width: 640px) 100vw, 640px\" \/>\t\t\t\t\t\t\t\t\t\t\t\t\t\t\t<\/div>\n\t\t\t\t<\/div>\n\t\t\t\t<\/div>\n\t\t<div class=\"elementor-element elementor-element-1db346dc e-con-full e-flex e-con e-child\" data-id=\"1db346dc\" data-element_type=\"container\">\n\t\t\t\t<div class=\"elementor-element elementor-element-7dc1924e elementor-widget elementor-widget-tg-heading\" data-id=\"7dc1924e\" data-element_type=\"widget\" data-widget_type=\"tg-heading.default\">\n\t\t\t\t<div class=\"elementor-widget-container\">\n\t\t\t\t\t\r\n        <div class=\"section-title tg-heading-subheading animation-style3\">\r\n                            <span class=\"sub-title\">Family Caregiver<\/span>\r\n                        <h2 class=\"title tg-element-title\">Filipino Caregiver<\/h2>        <\/div>\r\n\r\n\t\t\t\t<\/div>\n\t\t\t\t<\/div>\n\t\t\t\t<div class=\"elementor-element elementor-element-7e7f3463 elementor-widget elementor-widget-heading\" data-id=\"7e7f3463\" data-element_type=\"widget\" data-widget_type=\"heading.default\">\n\t\t\t\t<div class=\"elementor-widget-container\">\n\t\t\t\t\t<p class=\"elementor-heading-title elementor-size-default\">We enable the care of your parents, relatives with caregivers such as women and men from the Philippines. Caregivers, certified nurses, with experience in services to the elderly, with various pathologies of diseases, at the same time enabling therapy according to specific cases. Easily adaptable to the Albanian culture and language, while professionally taking care of your loved one, they assist in the maintenance of the living environment.<\/p>\t\t\t\t<\/div>\n\t\t\t\t<\/div>\n\t\t\t\t<div class=\"elementor-element elementor-element-ac8a134 elementor-widget elementor-widget-text-editor\" data-id=\"ac8a134\" data-element_type=\"widget\" data-widget_type=\"text-editor.default\">\n\t\t\t\t<div class=\"elementor-widget-container\">\n\t\t\t\t\t\t\t\t\t<p><strong><span style=\"text-align: justify; white-space-collapse: preserve;\">This service is provided and recommended by the agency only in the typology (LIVE IN) FAMILY LIVING.<\/span><\/strong><\/p>\t\t\t\t\t\t\t\t<\/div>\n\t\t\t\t<\/div>\n\t\t\t\t<div class=\"elementor-element elementor-element-3af08ae elementor-widget-divider--view-line elementor-widget elementor-widget-divider\" data-id=\"3af08ae\" data-element_type=\"widget\" data-widget_type=\"divider.default\">\n\t\t\t\t<div class=\"elementor-widget-container\">\n\t\t\t\t\t\t\t<div class=\"elementor-divider\">\n\t\t\t<span class=\"elementor-divider-separator\">\n\t\t\t\t\t\t<\/span>\n\t\t<\/div>\n\t\t\t\t\t\t<\/div>\n\t\t\t\t<\/div>\n\t\t\t\t<div class=\"elementor-element elementor-element-63cbc648 elementor-widget__width-initial elementor-widget elementor-widget-heading\" data-id=\"63cbc648\" data-element_type=\"widget\" data-widget_type=\"heading.default\">\n\t\t\t\t<div class=\"elementor-widget-container\">\n\t\t\t\t\t<p class=\"elementor-heading-title elementor-size-default\">In any case, consult our database of job seekers, to see if a candidate is of particular interest to you.<\/p>\t\t\t\t<\/div>\n\t\t\t\t<\/div>\n\t\t\t\t<div class=\"elementor-element elementor-element-106607b elementor-align-center elementor-widget elementor-widget-button\" data-id=\"106607b\" data-element_type=\"widget\" data-widget_type=\"button.default\">\n\t\t\t\t<div class=\"elementor-widget-container\">\n\t\t\t\t\t\t\t\t\t<div class=\"elementor-button-wrapper\">\n\t\t\t\t\t<a class=\"elementor-button elementor-button-link elementor-size-sm\" href=\"#elementor-action%3Aaction%3Dpopup%3Aopen%26settings%3DeyJpZCI6IjU3MjgiLCJ0b2dnbGUiOmZhbHNlfQ%3D%3D\">\n\t\t\t\t\t\t<span class=\"elementor-button-content-wrapper\">\n\t\t\t\t\t\t<span class=\"elementor-button-icon\">\n\t\t\t\t<svg aria-hidden=\"true\" class=\"e-font-icon-svg e-fas-arrow-right\" viewbox=\"0 0 448 512\" xmlns=\"http:\/\/www.w3.org\/2000\/svg\"><path d=\"M190.5 66.9l22.2-22.2c9.4-9.4 24.6-9.4 33.9 0L441 239c9.4 9.4 9.4 24.6 0 33.9L246.6 467.3c-9.4 9.4-24.6 9.4-33.9 0l-22.2-22.2c-9.5-9.5-9.3-25 .4-34.3L311.4 296H24c-13.3 0-24-10.7-24-24v-32c0-13.3 10.7-24 24-24h287.4L190.9 101.2c-9.8-9.3-10-24.8-.4-34.3z\"><\/path><\/svg>\t\t\t<\/span>\n\t\t\t\t\t\t\t\t\t<span class=\"elementor-button-text\">Request Service<\/span>\n\t\t\t\t\t<\/span>\n\t\t\t\t\t<\/a>\n\t\t\t\t<\/div>\n\t\t\t\t\t\t\t\t<\/div>\n\t\t\t\t<\/div>\n\t\t\t\t<\/div>\n\t\t\t\t<\/div>\n\t\t\t\t\t<\/div>\n\t\t\t\t<\/div>\n\t\t\t\t<\/div>","protected":false},"excerpt":{"rendered":"<p>Kujdestare per familje Kujdestare Filipineze Mund\u00ebsojm\u00eb p\u00ebrkujdesjen e prind\u00ebrve, t\u00eb afermeve tuaj me kujdestare si femra dhe meshkuj nga Filipine. Kujdestare, infermiere t\u00eb \u00e7etifikuara, me eksperienc\u00eb n\u00eb sh\u00ebrbimet ndaj t\u00eb moshuarve, me patologji t\u00eb ndyshme s\u00ebmundjesh, duke mund\u00ebsuar nj\u00ebkoh\u00ebsisht dhe terapi sipas rasteve specifike. Leht\u00ebsisht t\u00eb adaptueshme me kultur\u00ebn dhe gjuh\u00ebn shqipe, nd\u00ebrko\u00eb q\u00eb p\u00ebrkujdesen [&hellip;]<\/p>","protected":false},"author":2,"featured_media":0,"parent":0,"menu_order":0,"comment_status":"closed","ping_status":"closed","template":"elementor_header_footer","meta":{"_acf_changed":false,"_monsterinsights_skip_tracking":false,"_monsterinsights_sitenote_active":false,"_monsterinsights_sitenote_note":"","_monsterinsights_sitenote_category":0,"footnotes":""},"class_list":["post-4489","page","type-page","status-publish","hentry"],"acf":[],"aioseo_notices":[],"_links":{"self":[{"href":"https:\/\/p4ntheon-recruitment.al\/en\/wp-json\/wp\/v2\/pages\/4489","targetHints":{"allow":["GET"]}}],"collection":[{"href":"https:\/\/p4ntheon-recruitment.al\/en\/wp-json\/wp\/v2\/pages"}],"about":[{"href":"https:\/\/p4ntheon-recruitment.al\/en\/wp-json\/wp\/v2\/types\/page"}],"author":[{"embeddable":true,"href":"https:\/\/p4ntheon-recruitment.al\/en\/wp-json\/wp\/v2\/users\/2"}],"replies":[{"embeddable":true,"href":"https:\/\/p4ntheon-recruitment.al\/en\/wp-json\/wp\/v2\/comments?post=4489"}],"version-history":[{"count":76,"href":"https:\/\/p4ntheon-recruitment.al\/en\/wp-json\/wp\/v2\/pages\/4489\/revisions"}],"predecessor-version":[{"id":7353,"href":"https:\/\/p4ntheon-recruitment.al\/en\/wp-json\/wp\/v2\/pages\/4489\/revisions\/7353"}],"wp:attachment":[{"href":"https:\/\/p4ntheon-recruitment.al\/en\/wp-json\/wp\/v2\/media?parent=4489"}],"curies":[{"name":"wp","href":"https:\/\/api.w.org\/{rel}","templated":true}]}}