{"id":4500,"date":"2025-02-10T20:22:32","date_gmt":"2025-02-10T20:22:32","guid":{"rendered":"https:\/\/p4ntheon-recruitment.al\/?page_id=4500"},"modified":"2025-03-26T15:24:15","modified_gmt":"2025-03-26T15:24:15","slug":"sanitare-filipineze","status":"publish","type":"page","link":"https:\/\/p4ntheon-recruitment.al\/en\/sanitare-filipineze\/","title":{"rendered":"Philippines Sanitary"},"content":{"rendered":"<div data-elementor-type=\"wp-page\" data-elementor-id=\"4500\" class=\"elementor elementor-4500\" data-elementor-post-type=\"page\">\n\t\t\t\t<div class=\"elementor-element elementor-element-1cd880ac e-flex e-con-boxed e-con e-parent\" data-id=\"1cd880ac\" data-element_type=\"container\">\n\t\t\t\t\t<div class=\"e-con-inner\">\n\t\t<div class=\"elementor-element elementor-element-3b31848 e-con-full e-flex e-con e-child\" data-id=\"3b31848\" data-element_type=\"container\" data-settings=\"{&quot;background_background&quot;:&quot;classic&quot;}\">\n\t\t<div class=\"elementor-element elementor-element-51a4c662 e-con-full e-flex e-con e-child\" data-id=\"51a4c662\" data-element_type=\"container\">\n\t\t\t\t<div class=\"elementor-element elementor-element-c1f7001 elementor-widget elementor-widget-image\" data-id=\"c1f7001\" data-element_type=\"widget\" data-widget_type=\"image.default\">\n\t\t\t\t<div class=\"elementor-widget-container\">\n\t\t\t\t\t\t\t\t\t\t\t\t\t\t\t<img fetchpriority=\"high\" decoding=\"async\" width=\"640\" height=\"426\" src=\"https:\/\/p4ntheon-recruitment.al\/wp-content\/uploads\/2025\/02\/Sanitare-1024x682.jpg\" class=\"attachment-large size-large wp-image-4396\" alt=\"\" srcset=\"https:\/\/p4ntheon-recruitment.al\/wp-content\/uploads\/2025\/02\/Sanitare-1024x682.jpg 1024w, https:\/\/p4ntheon-recruitment.al\/wp-content\/uploads\/2025\/02\/Sanitare-300x200.jpg 300w, https:\/\/p4ntheon-recruitment.al\/wp-content\/uploads\/2025\/02\/Sanitare-768x512.jpg 768w, https:\/\/p4ntheon-recruitment.al\/wp-content\/uploads\/2025\/02\/Sanitare-1536x1024.jpg 1536w, https:\/\/p4ntheon-recruitment.al\/wp-content\/uploads\/2025\/02\/Sanitare.jpg 2000w\" sizes=\"(max-width: 640px) 100vw, 640px\" \/>\t\t\t\t\t\t\t\t\t\t\t\t\t\t\t<\/div>\n\t\t\t\t<\/div>\n\t\t\t\t<\/div>\n\t\t<div class=\"elementor-element elementor-element-5c6bb23c e-con-full e-flex e-con e-child\" data-id=\"5c6bb23c\" data-element_type=\"container\">\n\t\t\t\t<div class=\"elementor-element elementor-element-1d912e4c elementor-widget elementor-widget-tg-heading\" data-id=\"1d912e4c\" data-element_type=\"widget\" data-widget_type=\"tg-heading.default\">\n\t\t\t\t<div class=\"elementor-widget-container\">\n\t\t\t\t\t\r\n        <div class=\"section-title tg-heading-subheading animation-style3\">\r\n                            <span class=\"sub-title\">Home Sanitation<\/span>\r\n                        <h2 class=\"title tg-element-title\">Philippines Sanitary<\/h2>        <\/div>\r\n\r\n\t\t\t\t<\/div>\n\t\t\t\t<\/div>\n\t\t\t\t<div class=\"elementor-element elementor-element-3a5cc6c9 elementor-widget elementor-widget-heading\" data-id=\"3a5cc6c9\" data-element_type=\"widget\" data-widget_type=\"heading.default\">\n\t\t\t\t<div class=\"elementor-widget-container\">\n\t\t\t\t\t<p class=\"elementor-heading-title elementor-size-default\">We enable the cleaning of your residential premises with Filipino workers, certified and with several years of experience. English-speaking, easily adaptable to Albanian culture and family typology. Some of them can serve you Asian cuisine, as a result of training, as well as experiences gained around the world. <\/p>\t\t\t\t<\/div>\n\t\t\t\t<\/div>\n\t\t\t\t<div class=\"elementor-element elementor-element-15d5d08 elementor-widget elementor-widget-text-editor\" data-id=\"15d5d08\" data-element_type=\"widget\" data-widget_type=\"text-editor.default\">\n\t\t\t\t<div class=\"elementor-widget-container\">\n\t\t\t\t\t\t\t\t\t<p><strong><span style=\"text-align: justify; white-space-collapse: preserve;\">This service is provided and recommended by the agency only in the typology (LIVE IN) FAMILY LIVING.<\/span><\/strong><\/p>\t\t\t\t\t\t\t\t<\/div>\n\t\t\t\t<\/div>\n\t\t\t\t<div class=\"elementor-element elementor-element-4ddb400 elementor-widget-divider--view-line elementor-widget elementor-widget-divider\" data-id=\"4ddb400\" data-element_type=\"widget\" data-widget_type=\"divider.default\">\n\t\t\t\t<div class=\"elementor-widget-container\">\n\t\t\t\t\t\t\t<div class=\"elementor-divider\">\n\t\t\t<span class=\"elementor-divider-separator\">\n\t\t\t\t\t\t<\/span>\n\t\t<\/div>\n\t\t\t\t\t\t<\/div>\n\t\t\t\t<\/div>\n\t\t\t\t<div class=\"elementor-element elementor-element-5a2a24fc elementor-widget__width-initial elementor-widget elementor-widget-heading\" data-id=\"5a2a24fc\" data-element_type=\"widget\" data-widget_type=\"heading.default\">\n\t\t\t\t<div class=\"elementor-widget-container\">\n\t\t\t\t\t<p class=\"elementor-heading-title elementor-size-default\">In any case, consult our database of job seekers, to see if a candidate is of particular interest to you.<\/p>\t\t\t\t<\/div>\n\t\t\t\t<\/div>\n\t\t\t\t<div class=\"elementor-element elementor-element-b288e7f elementor-align-center elementor-widget elementor-widget-button\" data-id=\"b288e7f\" data-element_type=\"widget\" data-widget_type=\"button.default\">\n\t\t\t\t<div class=\"elementor-widget-container\">\n\t\t\t\t\t\t\t\t\t<div class=\"elementor-button-wrapper\">\n\t\t\t\t\t<a class=\"elementor-button elementor-button-link elementor-size-sm\" href=\"#elementor-action%3Aaction%3Dpopup%3Aopen%26settings%3DeyJpZCI6IjU3MjgiLCJ0b2dnbGUiOmZhbHNlfQ%3D%3D\">\n\t\t\t\t\t\t<span class=\"elementor-button-content-wrapper\">\n\t\t\t\t\t\t<span class=\"elementor-button-icon\">\n\t\t\t\t<svg aria-hidden=\"true\" class=\"e-font-icon-svg e-fas-arrow-right\" viewbox=\"0 0 448 512\" xmlns=\"http:\/\/www.w3.org\/2000\/svg\"><path d=\"M190.5 66.9l22.2-22.2c9.4-9.4 24.6-9.4 33.9 0L441 239c9.4 9.4 9.4 24.6 0 33.9L246.6 467.3c-9.4 9.4-24.6 9.4-33.9 0l-22.2-22.2c-9.5-9.5-9.3-25 .4-34.3L311.4 296H24c-13.3 0-24-10.7-24-24v-32c0-13.3 10.7-24 24-24h287.4L190.9 101.2c-9.8-9.3-10-24.8-.4-34.3z\"><\/path><\/svg>\t\t\t<\/span>\n\t\t\t\t\t\t\t\t\t<span class=\"elementor-button-text\">Request Service<\/span>\n\t\t\t\t\t<\/span>\n\t\t\t\t\t<\/a>\n\t\t\t\t<\/div>\n\t\t\t\t\t\t\t\t<\/div>\n\t\t\t\t<\/div>\n\t\t\t\t<\/div>\n\t\t\t\t<\/div>\n\t\t\t\t\t<\/div>\n\t\t\t\t<\/div>\n\t\t\t\t<\/div>","protected":false},"excerpt":{"rendered":"<p>Sanitare per shtepine Sanitare Filipineze Mund\u00ebsojm\u00eb pastrimin e ambjenteve tuaja t\u00eb banimit me pnonjese filpineze, t\u00eb \u00e7ertifikuara dhe me eksperienc\u00eb disa vje\u00e7are. Anglisht-fol\u00ebse, leht\u00ebsisht t\u00eb adaptueshme me kultur\u00ebn shqiptare dhe tipologjin\u00eb familjare. Nj\u00eb pjes\u00eb e tyre mund t\u201dju servirin kuzhin\u00ebn aziatike, si pasoje e trajnimeve, si dhe ekeperiencave t\u00eb fituara n\u00ebpe\u00eb bot\u00eb. Ky sh\u00ebrbim mund\u00ebsohet [&hellip;]<\/p>","protected":false},"author":2,"featured_media":0,"parent":0,"menu_order":0,"comment_status":"closed","ping_status":"closed","template":"elementor_header_footer","meta":{"_acf_changed":false,"_monsterinsights_skip_tracking":false,"_monsterinsights_sitenote_active":false,"_monsterinsights_sitenote_note":"","_monsterinsights_sitenote_category":0,"footnotes":""},"class_list":["post-4500","page","type-page","status-publish","hentry"],"acf":[],"aioseo_notices":[],"_links":{"self":[{"href":"https:\/\/p4ntheon-recruitment.al\/en\/wp-json\/wp\/v2\/pages\/4500","targetHints":{"allow":["GET"]}}],"collection":[{"href":"https:\/\/p4ntheon-recruitment.al\/en\/wp-json\/wp\/v2\/pages"}],"about":[{"href":"https:\/\/p4ntheon-recruitment.al\/en\/wp-json\/wp\/v2\/types\/page"}],"author":[{"embeddable":true,"href":"https:\/\/p4ntheon-recruitment.al\/en\/wp-json\/wp\/v2\/users\/2"}],"replies":[{"embeddable":true,"href":"https:\/\/p4ntheon-recruitment.al\/en\/wp-json\/wp\/v2\/comments?post=4500"}],"version-history":[{"count":40,"href":"https:\/\/p4ntheon-recruitment.al\/en\/wp-json\/wp\/v2\/pages\/4500\/revisions"}],"predecessor-version":[{"id":7358,"href":"https:\/\/p4ntheon-recruitment.al\/en\/wp-json\/wp\/v2\/pages\/4500\/revisions\/7358"}],"wp:attachment":[{"href":"https:\/\/p4ntheon-recruitment.al\/en\/wp-json\/wp\/v2\/media?parent=4500"}],"curies":[{"name":"wp","href":"https:\/\/api.w.org\/{rel}","templated":true}]}}