{"id":4512,"date":"2025-02-10T20:32:56","date_gmt":"2025-02-10T20:32:56","guid":{"rendered":"https:\/\/p4ntheon-recruitment.al\/?page_id=4512"},"modified":"2025-03-26T15:28:12","modified_gmt":"2025-03-26T15:28:12","slug":"staf-sezonal","status":"publish","type":"page","link":"https:\/\/p4ntheon-recruitment.al\/en\/staf-sezonal\/","title":{"rendered":"Seasonal Staff"},"content":{"rendered":"<div data-elementor-type=\"wp-page\" data-elementor-id=\"4512\" class=\"elementor elementor-4512\" data-elementor-post-type=\"page\">\n\t\t\t\t<div class=\"elementor-element elementor-element-235e7acd e-flex e-con-boxed e-con e-parent\" data-id=\"235e7acd\" data-element_type=\"container\">\n\t\t\t\t\t<div class=\"e-con-inner\">\n\t\t<div class=\"elementor-element elementor-element-255faf2c e-con-full e-flex e-con e-child\" data-id=\"255faf2c\" data-element_type=\"container\" data-settings=\"{&quot;background_background&quot;:&quot;classic&quot;}\">\n\t\t<div class=\"elementor-element elementor-element-515e5d2f e-con-full e-flex e-con e-child\" data-id=\"515e5d2f\" data-element_type=\"container\">\n\t\t\t\t<div class=\"elementor-element elementor-element-fdb17c5 elementor-widget elementor-widget-image\" data-id=\"fdb17c5\" data-element_type=\"widget\" data-widget_type=\"image.default\">\n\t\t\t\t<div class=\"elementor-widget-container\">\n\t\t\t\t\t\t\t\t\t\t\t\t\t\t\t<img fetchpriority=\"high\" decoding=\"async\" width=\"640\" height=\"430\" src=\"https:\/\/p4ntheon-recruitment.al\/wp-content\/uploads\/2025\/02\/Staf-sezonal-ne-shqiperi.png\" class=\"attachment-large size-large wp-image-5235\" alt=\"\" srcset=\"https:\/\/p4ntheon-recruitment.al\/wp-content\/uploads\/2025\/02\/Staf-sezonal-ne-shqiperi.png 640w, https:\/\/p4ntheon-recruitment.al\/wp-content\/uploads\/2025\/02\/Staf-sezonal-ne-shqiperi-300x202.png 300w\" sizes=\"(max-width: 640px) 100vw, 640px\" \/>\t\t\t\t\t\t\t\t\t\t\t\t\t\t\t<\/div>\n\t\t\t\t<\/div>\n\t\t\t\t<\/div>\n\t\t<div class=\"elementor-element elementor-element-2d57a383 e-con-full e-flex e-con e-child\" data-id=\"2d57a383\" data-element_type=\"container\">\n\t\t\t\t<div class=\"elementor-element elementor-element-67077242 elementor-widget elementor-widget-tg-heading\" data-id=\"67077242\" data-element_type=\"widget\" data-widget_type=\"tg-heading.default\">\n\t\t\t\t<div class=\"elementor-widget-container\">\n\t\t\t\t\t\r\n        <div class=\"section-title tg-heading-subheading animation-style3\">\r\n                            <span class=\"sub-title\">Qualified staff<\/span>\r\n                        <h2 class=\"title tg-element-title\">Seasonal Staff<\/h2>        <\/div>\r\n\r\n\t\t\t\t<\/div>\n\t\t\t\t<\/div>\n\t\t\t\t<div class=\"elementor-element elementor-element-5765b685 elementor-widget elementor-widget-heading\" data-id=\"5765b685\" data-element_type=\"widget\" data-widget_type=\"heading.default\">\n\t\t\t\t<div class=\"elementor-widget-container\">\n\t\t\t\t\t<p class=\"elementor-heading-title elementor-size-default\">We provide seasonal staff from the Philippines for all types of businesses, and thanks to professional, fast and fruitful recruitment, you will have no problems meeting your staff needs.\nGet in touch as soon as possible to get a personalized quote depending on the profile and the number of employees you need.\nStaff is also available from other nationalities, profiled or not, depending on your requirements. All employees are English-speaking and other languages are a bonus. <\/p>\t\t\t\t<\/div>\n\t\t\t\t<\/div>\n\t\t\t\t<div class=\"elementor-element elementor-element-1b1f7ef elementor-widget-divider--view-line elementor-widget elementor-widget-divider\" data-id=\"1b1f7ef\" data-element_type=\"widget\" data-widget_type=\"divider.default\">\n\t\t\t\t<div class=\"elementor-widget-container\">\n\t\t\t\t\t\t\t<div class=\"elementor-divider\">\n\t\t\t<span class=\"elementor-divider-separator\">\n\t\t\t\t\t\t<\/span>\n\t\t<\/div>\n\t\t\t\t\t\t<\/div>\n\t\t\t\t<\/div>\n\t\t\t\t<div class=\"elementor-element elementor-element-4eb4fe6e elementor-widget__width-initial elementor-widget elementor-widget-heading\" data-id=\"4eb4fe6e\" data-element_type=\"widget\" data-widget_type=\"heading.default\">\n\t\t\t\t<div class=\"elementor-widget-container\">\n\t\t\t\t\t<p class=\"elementor-heading-title elementor-size-default\">In any case, consult our database of job seekers, to see if a candidate is of particular interest to you.<\/p>\t\t\t\t<\/div>\n\t\t\t\t<\/div>\n\t\t\t\t<div class=\"elementor-element elementor-element-9d91b98 elementor-align-center elementor-widget elementor-widget-button\" data-id=\"9d91b98\" data-element_type=\"widget\" data-widget_type=\"button.default\">\n\t\t\t\t<div class=\"elementor-widget-container\">\n\t\t\t\t\t\t\t\t\t<div class=\"elementor-button-wrapper\">\n\t\t\t\t\t<a class=\"elementor-button elementor-button-link elementor-size-sm\" href=\"#elementor-action%3Aaction%3Dpopup%3Aopen%26settings%3DeyJpZCI6IjU3MjgiLCJ0b2dnbGUiOmZhbHNlfQ%3D%3D\">\n\t\t\t\t\t\t<span class=\"elementor-button-content-wrapper\">\n\t\t\t\t\t\t<span class=\"elementor-button-icon\">\n\t\t\t\t<svg aria-hidden=\"true\" class=\"e-font-icon-svg e-fas-arrow-right\" viewbox=\"0 0 448 512\" xmlns=\"http:\/\/www.w3.org\/2000\/svg\"><path d=\"M190.5 66.9l22.2-22.2c9.4-9.4 24.6-9.4 33.9 0L441 239c9.4 9.4 9.4 24.6 0 33.9L246.6 467.3c-9.4 9.4-24.6 9.4-33.9 0l-22.2-22.2c-9.5-9.5-9.3-25 .4-34.3L311.4 296H24c-13.3 0-24-10.7-24-24v-32c0-13.3 10.7-24 24-24h287.4L190.9 101.2c-9.8-9.3-10-24.8-.4-34.3z\"><\/path><\/svg>\t\t\t<\/span>\n\t\t\t\t\t\t\t\t\t<span class=\"elementor-button-text\">Request Service<\/span>\n\t\t\t\t\t<\/span>\n\t\t\t\t\t<\/a>\n\t\t\t\t<\/div>\n\t\t\t\t\t\t\t\t<\/div>\n\t\t\t\t<\/div>\n\t\t\t\t<\/div>\n\t\t\t\t<\/div>\n\t\t\t\t\t<\/div>\n\t\t\t\t<\/div>\n\t\t\t\t<\/div>","protected":false},"excerpt":{"rendered":"<p>Staf i kualifikuar Staf Sezonal Mund\u00ebsojm\u00eb staf sezonal nga Filipine p\u00ebr t\u00eb gjitha tiplogjit\u00eb e bizneseve, dhe fal\u00eb rekrutimit profesional, t\u00eb shpejt\u00eb dhe frutdh\u00ebn\u00ebs, ju nuk do t\u00eb keni probleme me plotesimin e nevojave tuaja p\u00ebr staf. Kontakto sa m\u00eb par\u00eb p\u00ebr t\u00eb mar\u00eb nj\u00eb ofert\u00eb t\u00eb personalizuar n\u00eb var\u00ebsi t\u00eb profilit dhe numrit t\u00eb [&hellip;]<\/p>","protected":false},"author":2,"featured_media":4088,"parent":0,"menu_order":0,"comment_status":"closed","ping_status":"closed","template":"elementor_header_footer","meta":{"_acf_changed":false,"_monsterinsights_skip_tracking":false,"_monsterinsights_sitenote_active":false,"_monsterinsights_sitenote_note":"","_monsterinsights_sitenote_category":0,"footnotes":""},"class_list":["post-4512","page","type-page","status-publish","has-post-thumbnail","hentry"],"acf":[],"aioseo_notices":[],"_links":{"self":[{"href":"https:\/\/p4ntheon-recruitment.al\/en\/wp-json\/wp\/v2\/pages\/4512","targetHints":{"allow":["GET"]}}],"collection":[{"href":"https:\/\/p4ntheon-recruitment.al\/en\/wp-json\/wp\/v2\/pages"}],"about":[{"href":"https:\/\/p4ntheon-recruitment.al\/en\/wp-json\/wp\/v2\/types\/page"}],"author":[{"embeddable":true,"href":"https:\/\/p4ntheon-recruitment.al\/en\/wp-json\/wp\/v2\/users\/2"}],"replies":[{"embeddable":true,"href":"https:\/\/p4ntheon-recruitment.al\/en\/wp-json\/wp\/v2\/comments?post=4512"}],"version-history":[{"count":35,"href":"https:\/\/p4ntheon-recruitment.al\/en\/wp-json\/wp\/v2\/pages\/4512\/revisions"}],"predecessor-version":[{"id":7369,"href":"https:\/\/p4ntheon-recruitment.al\/en\/wp-json\/wp\/v2\/pages\/4512\/revisions\/7369"}],"wp:featuredmedia":[{"embeddable":true,"href":"https:\/\/p4ntheon-recruitment.al\/en\/wp-json\/wp\/v2\/media\/4088"}],"wp:attachment":[{"href":"https:\/\/p4ntheon-recruitment.al\/en\/wp-json\/wp\/v2\/media?parent=4512"}],"curies":[{"name":"wp","href":"https:\/\/api.w.org\/{rel}","templated":true}]}}