{"id":4529,"date":"2025-02-10T20:45:25","date_gmt":"2025-02-10T20:45:25","guid":{"rendered":"https:\/\/p4ntheon-recruitment.al\/?page_id=4529"},"modified":"2025-03-26T15:22:45","modified_gmt":"2025-03-26T15:22:45","slug":"punesohu-me-ne-2","status":"publish","type":"page","link":"https:\/\/p4ntheon-recruitment.al\/en\/punesohu-me-ne-2\/","title":{"rendered":"Work with us"},"content":{"rendered":"<div data-elementor-type=\"wp-page\" data-elementor-id=\"4529\" class=\"elementor elementor-4529\" data-elementor-post-type=\"page\">\n\t\t\t\t<div class=\"elementor-element elementor-element-1f588923 e-flex e-con-boxed e-con e-parent\" data-id=\"1f588923\" data-element_type=\"container\">\n\t\t\t\t\t<div class=\"e-con-inner\">\n\t\t<div class=\"elementor-element elementor-element-6715d3ae e-con-full e-flex e-con e-child\" data-id=\"6715d3ae\" data-element_type=\"container\" data-settings=\"{&quot;background_background&quot;:&quot;classic&quot;}\">\n\t\t<div class=\"elementor-element elementor-element-382b132b e-con-full e-flex e-con e-child\" data-id=\"382b132b\" data-element_type=\"container\">\n\t\t\t\t<div class=\"elementor-element elementor-element-6d1086a elementor-widget elementor-widget-image\" data-id=\"6d1086a\" data-element_type=\"widget\" data-widget_type=\"image.default\">\n\t\t\t\t<div class=\"elementor-widget-container\">\n\t\t\t\t\t\t\t\t\t\t\t\t\t\t\t<img fetchpriority=\"high\" decoding=\"async\" width=\"640\" height=\"423\" src=\"https:\/\/p4ntheon-recruitment.al\/wp-content\/uploads\/2025\/02\/Punesohu-me-ne-1.jpeg\" class=\"attachment-large size-large wp-image-6013\" alt=\"\" srcset=\"https:\/\/p4ntheon-recruitment.al\/wp-content\/uploads\/2025\/02\/Punesohu-me-ne-1.jpeg 736w, https:\/\/p4ntheon-recruitment.al\/wp-content\/uploads\/2025\/02\/Punesohu-me-ne-1-300x198.jpeg 300w\" sizes=\"(max-width: 640px) 100vw, 640px\" \/>\t\t\t\t\t\t\t\t\t\t\t\t\t\t\t<\/div>\n\t\t\t\t<\/div>\n\t\t\t\t<\/div>\n\t\t<div class=\"elementor-element elementor-element-5f6587ae e-con-full e-flex e-con e-child\" data-id=\"5f6587ae\" data-element_type=\"container\">\n\t\t\t\t<div class=\"elementor-element elementor-element-7018bad elementor-widget elementor-widget-tg-heading\" data-id=\"7018bad\" data-element_type=\"widget\" data-widget_type=\"tg-heading.default\">\n\t\t\t\t<div class=\"elementor-widget-container\">\n\t\t\t\t\t\r\n        <div class=\"section-title tg-heading-subheading animation-style3\">\r\n                            <span class=\"sub-title\">Climb the steps of your career with professionals<\/span>\r\n                        <h2 class=\"title tg-element-title\">Work with us<\/h2>        <\/div>\r\n\r\n\t\t\t\t<\/div>\n\t\t\t\t<\/div>\n\t\t\t\t<div class=\"elementor-element elementor-element-5edbe870 elementor-widget elementor-widget-heading\" data-id=\"5edbe870\" data-element_type=\"widget\" data-widget_type=\"heading.default\">\n\t\t\t\t<div class=\"elementor-widget-container\">\n\t\t\t\t\t<p class=\"elementor-heading-title elementor-size-default\">P4ntheon recruitment opens up career opportunities for professionals in Albania, Europe and beyond. We match talent with ambition, providing tailored recruitment solutions to connect our candidates with companies that want to complement staff. Elevate your career or upskill your team with our expert guidance and local knowledge. Trust P4ntheon for empowering recruitment that delivers results.<\/p>\t\t\t\t<\/div>\n\t\t\t\t<\/div>\n\t\t\t\t<div class=\"elementor-element elementor-element-c4dfe88 elementor-widget-divider--view-line elementor-widget elementor-widget-divider\" data-id=\"c4dfe88\" data-element_type=\"widget\" data-widget_type=\"divider.default\">\n\t\t\t\t<div class=\"elementor-widget-container\">\n\t\t\t\t\t\t\t<div class=\"elementor-divider\">\n\t\t\t<span class=\"elementor-divider-separator\">\n\t\t\t\t\t\t<\/span>\n\t\t<\/div>\n\t\t\t\t\t\t<\/div>\n\t\t\t\t<\/div>\n\t\t\t\t<div class=\"elementor-element elementor-element-1de97d01 elementor-widget__width-initial elementor-widget elementor-widget-heading\" data-id=\"1de97d01\" data-element_type=\"widget\" data-widget_type=\"heading.default\">\n\t\t\t\t<div class=\"elementor-widget-container\">\n\t\t\t\t\t<p class=\"elementor-heading-title elementor-size-default\">In any case, consult our database of job seekers, to see if one of the occupations suits you.<\/p>\t\t\t\t<\/div>\n\t\t\t\t<\/div>\n\t\t\t\t<div class=\"elementor-element elementor-element-3a12b74 elementor-align-center elementor-widget elementor-widget-button\" data-id=\"3a12b74\" data-element_type=\"widget\" data-widget_type=\"button.default\">\n\t\t\t\t<div class=\"elementor-widget-container\">\n\t\t\t\t\t\t\t\t\t<div class=\"elementor-button-wrapper\">\n\t\t\t\t\t<a class=\"elementor-button elementor-button-link elementor-size-sm\" href=\"#elementor-action%3Aaction%3Dpopup%3Aopen%26settings%3DeyJpZCI6IjU3MjgiLCJ0b2dnbGUiOmZhbHNlfQ%3D%3D\">\n\t\t\t\t\t\t<span class=\"elementor-button-content-wrapper\">\n\t\t\t\t\t\t<span class=\"elementor-button-icon\">\n\t\t\t\t<svg aria-hidden=\"true\" class=\"e-font-icon-svg e-fas-arrow-right\" viewbox=\"0 0 448 512\" xmlns=\"http:\/\/www.w3.org\/2000\/svg\"><path d=\"M190.5 66.9l22.2-22.2c9.4-9.4 24.6-9.4 33.9 0L441 239c9.4 9.4 9.4 24.6 0 33.9L246.6 467.3c-9.4 9.4-24.6 9.4-33.9 0l-22.2-22.2c-9.5-9.5-9.3-25 .4-34.3L311.4 296H24c-13.3 0-24-10.7-24-24v-32c0-13.3 10.7-24 24-24h287.4L190.9 101.2c-9.8-9.3-10-24.8-.4-34.3z\"><\/path><\/svg>\t\t\t<\/span>\n\t\t\t\t\t\t\t\t\t<span class=\"elementor-button-text\">Request Service<\/span>\n\t\t\t\t\t<\/span>\n\t\t\t\t\t<\/a>\n\t\t\t\t<\/div>\n\t\t\t\t\t\t\t\t<\/div>\n\t\t\t\t<\/div>\n\t\t\t\t<\/div>\n\t\t\t\t<\/div>\n\t\t\t\t\t<\/div>\n\t\t\t\t<\/div>\n\t\t\t\t<\/div>","protected":false},"excerpt":{"rendered":"<p>Ngjit hapat e karrieres tende me profesioniste Punesohu me ne Rekrutimi P4ntheon hap mund\u00ebsi karriere p\u00ebr profesionist\u00ebt n\u00eb Shqip\u00ebri, Europ\u00eb dhe m\u00eb gjer\u00eb. Ne p\u00ebrputhim talentin me ambicien, duke ofruar zgjidhje t\u00eb p\u00ebrshtatura rekrutimi p\u00ebr t\u00eb lidhur kandidat\u00ebt tane me kompanit\u00eb qe duan te plotesojne stafin. Ngjitni karrier\u00ebn tuaj ose p\u00ebrmir\u00ebsoni ekipin tuaj me udh\u00ebzimet [&hellip;]<\/p>","protected":false},"author":2,"featured_media":0,"parent":0,"menu_order":0,"comment_status":"closed","ping_status":"closed","template":"elementor_header_footer","meta":{"_acf_changed":false,"_monsterinsights_skip_tracking":false,"_monsterinsights_sitenote_active":false,"_monsterinsights_sitenote_note":"","_monsterinsights_sitenote_category":0,"footnotes":""},"class_list":["post-4529","page","type-page","status-publish","hentry"],"acf":[],"aioseo_notices":[],"_links":{"self":[{"href":"https:\/\/p4ntheon-recruitment.al\/en\/wp-json\/wp\/v2\/pages\/4529","targetHints":{"allow":["GET"]}}],"collection":[{"href":"https:\/\/p4ntheon-recruitment.al\/en\/wp-json\/wp\/v2\/pages"}],"about":[{"href":"https:\/\/p4ntheon-recruitment.al\/en\/wp-json\/wp\/v2\/types\/page"}],"author":[{"embeddable":true,"href":"https:\/\/p4ntheon-recruitment.al\/en\/wp-json\/wp\/v2\/users\/2"}],"replies":[{"embeddable":true,"href":"https:\/\/p4ntheon-recruitment.al\/en\/wp-json\/wp\/v2\/comments?post=4529"}],"version-history":[{"count":28,"href":"https:\/\/p4ntheon-recruitment.al\/en\/wp-json\/wp\/v2\/pages\/4529\/revisions"}],"predecessor-version":[{"id":7355,"href":"https:\/\/p4ntheon-recruitment.al\/en\/wp-json\/wp\/v2\/pages\/4529\/revisions\/7355"}],"wp:attachment":[{"href":"https:\/\/p4ntheon-recruitment.al\/en\/wp-json\/wp\/v2\/media?parent=4529"}],"curies":[{"name":"wp","href":"https:\/\/api.w.org\/{rel}","templated":true}]}}